{"id":74,"date":"2013-01-09T21:58:25","date_gmt":"2013-01-09T20:58:25","guid":{"rendered":"http:\/\/wptest.horredssk.se\/?page_id=74"},"modified":"2025-01-22T14:40:54","modified_gmt":"2025-01-22T13:40:54","slug":"medlemsavgifter","status":"publish","type":"page","link":"http:\/\/old.horredssk.se\/?page_id=74","title":{"rendered":"Medlemsavgifter"},"content":{"rendered":"<p align=\"left\"><span style=\"font-size: large;\" data-mce-mark=\"1\"><span style=\"font-size: large;\" data-mce-mark=\"1\"><strong><span style=\"font-size: large;\" data-mce-mark=\"1\">\u00c5rsavgift inkl medlemsavgift f\u00f6r kalender\u00e5r 2025 (Jan-Dec)*<\/span><\/strong><\/span><\/span><\/p>\n<table style=\"height: 90px;\" border=\"0\" width=\"564\">\n<tbody>\n<tr>\n<td style=\"width: 25px;\">1.<\/td>\n<td style=\"width: 200px;\">Vuxen 18-65 \u00e5r<\/td>\n<td style=\"width: 60px;\">\u00a0\u00a0 650:-<\/td>\n<\/tr>\n<tr>\n<td>2.<\/td>\n<td>Vuxen \u00f6ver 65 \u00e5r<\/td>\n<td>\u00a0\u00a0 400:-<\/td>\n<\/tr>\n<tr>\n<td>3.<\/td>\n<td>Barn under 18 \u00e5r<\/td>\n<td>\u00a0\u00a0 300:-<\/td>\n<\/tr>\n<tr>\n<td>4.<\/td>\n<td>Familj, med barn under 18 \u00e5r<\/td>\n<td>1 300:-<\/td>\n<\/tr>\n<tr>\n<td style=\"vertical-align: bottom;\" colspan=\"3\">\n<p style=\"text-align: left;\">Vill du bara st\u00f6tta v\u00e5r f\u00f6rening och inte nyttja n\u00e5gra av v\u00e5ra aktiviteter eller gym\/bastu vid Kilag\u00e5rden kan du bli st\u00f6dmedlem.<\/p>\n<\/td>\n<\/tr>\n<tr>\n<td colspan=\"2\">St\u00f6dmedlem tillika medlemsavgift<\/td>\n<td>\u00a0\u00a0 150:-<\/td>\n<\/tr>\n<\/tbody>\n<\/table>\n<table border=\"0\">\n<tbody>\n<tr>\n<td>Swish<\/td>\n<td>1231884881<\/td>\n<\/tr>\n<tr>\n<td>Bankgiro<\/td>\n<td>5299-7905<\/td>\n<\/tr>\n<\/tbody>\n<\/table>\n<p>Gl\u00f6m inte skriva ert\u00a0fullst\u00e4ndiga personnummer\u00a0och adress p\u00e5 inbetalningen! Om ni \u00e4r en familj beh\u00f6ver vi alla familjemedlemmars\u00a0person nr. Om ni inte f\u00e5r plats med all information i betalningen g\u00e5r det bra att skicka alla uppgifter i ett mail till oss:\u00a0<a href=\"mailto:medlem@horredssk.se\">medlem@horredssk.se<\/a><\/p>\n<p>Vill ni ha kvitto p\u00e5 er betalning maila d\u00e5 till kass\u00f6ren p\u00e5: <a href=\"mailto:ekonomi@horredssk.se\">ekonomi@horredssk.se<\/a><\/p>\n<p align=\"left\">Under v\u00e5r och h\u00f6st kommer det ske medlemskontroller p\u00e5 samtliga aktiviteter.<\/p>\n<p align=\"left\">*\u00c5rsavgiften ska \u00e4ven betalas in av dig som anv\u00e4nder Horreds SK i anm\u00e4lningar av olika lopp, t.ex. Vasaloppen!<\/p>\n<p align=\"left\">Scanna v\u00e5r QR i Swish f\u00f6r smidigare betalning!<\/p>\n<p align=\"left\"><img loading=\"lazy\" decoding=\"async\" src=\"http:\/\/old.horredssk.se\/wp-content\/uploads\/2019\/11\/qr-horreds-sportklubb.png\" alt=\"\" width=\"246\" height=\"295\" \/><\/p>\n","protected":false},"excerpt":{"rendered":"<p>\u00c5rsavgift inkl medlemsavgift f\u00f6r kalender\u00e5r 2025 (Jan-Dec)* 1. Vuxen 18-65 \u00e5r \u00a0\u00a0 650:- 2. Vuxen \u00f6ver 65 \u00e5r \u00a0\u00a0 400:- 3. Barn under 18 \u00e5r \u00a0\u00a0 300:- 4. Familj, med barn under 18 \u00e5r 1 300:- Vill du bara st\u00f6tta &hellip; <a href=\"http:\/\/old.horredssk.se\/?page_id=74\">L\u00e4s mer <span class=\"meta-nav\">&rarr;<\/span><\/a><\/p>\n","protected":false},"author":14,"featured_media":0,"parent":51,"menu_order":0,"comment_status":"open","ping_status":"open","template":"","meta":{"jetpack_post_was_ever_published":false,"footnotes":""},"class_list":["post-74","page","type-page","status-publish","hentry"],"jetpack_sharing_enabled":true,"jetpack_shortlink":"https:\/\/wp.me\/P32WzJ-1c","_links":{"self":[{"href":"http:\/\/old.horredssk.se\/index.php?rest_route=\/wp\/v2\/pages\/74","targetHints":{"allow":["GET"]}}],"collection":[{"href":"http:\/\/old.horredssk.se\/index.php?rest_route=\/wp\/v2\/pages"}],"about":[{"href":"http:\/\/old.horredssk.se\/index.php?rest_route=\/wp\/v2\/types\/page"}],"author":[{"embeddable":true,"href":"http:\/\/old.horredssk.se\/index.php?rest_route=\/wp\/v2\/users\/14"}],"replies":[{"embeddable":true,"href":"http:\/\/old.horredssk.se\/index.php?rest_route=%2Fwp%2Fv2%2Fcomments&post=74"}],"version-history":[{"count":24,"href":"http:\/\/old.horredssk.se\/index.php?rest_route=\/wp\/v2\/pages\/74\/revisions"}],"predecessor-version":[{"id":3337,"href":"http:\/\/old.horredssk.se\/index.php?rest_route=\/wp\/v2\/pages\/74\/revisions\/3337"}],"up":[{"embeddable":true,"href":"http:\/\/old.horredssk.se\/index.php?rest_route=\/wp\/v2\/pages\/51"}],"wp:attachment":[{"href":"http:\/\/old.horredssk.se\/index.php?rest_route=%2Fwp%2Fv2%2Fmedia&parent=74"}],"curies":[{"name":"wp","href":"https:\/\/api.w.org\/{rel}","templated":true}]}}