{"id":59,"date":"2013-01-09T21:31:15","date_gmt":"2013-01-09T20:31:15","guid":{"rendered":"http:\/\/wptest.horredssk.se\/?page_id=59"},"modified":"2025-10-07T15:18:41","modified_gmt":"2025-10-07T13:18:41","slug":"gymmet","status":"publish","type":"page","link":"http:\/\/old.horredssk.se\/?page_id=59","title":{"rendered":"Gymmets\/Stugans \u00f6ppettider"},"content":{"rendered":"<table style=\"height: 96px;\" border=\"0\" width=\"439\">\n<tbody>\n<tr>\n<td>M\u00e5ndag till Torsdag<\/td>\n<td>05:00-22:00<\/td>\n<\/tr>\n<tr>\n<td>Fredag\u00a0<\/td>\n<td>05:00-18:00<\/td>\n<\/tr>\n<tr>\n<td>L\u00f6rdag<\/td>\n<td>09:00-16:00<\/td>\n<\/tr>\n<tr>\n<td>S\u00f6ndag<\/td>\n<td>09:00-21:00<\/td>\n<\/tr>\n<\/tbody>\n<\/table>\n\n\n<p>Vi vill fortfarande att n\u00e4r ni bes\u00f6ker gymmet:<\/p>\n\n\n\n<p>H\u00e5ll avst\u00e5nd! <\/p>\n\n\n\n<p>Tv\u00e4tta h\u00e4nderna! <\/p>\n\n\n\n<p>Stanna hemma om du k\u00e4nner dig f\u00f6rkyld!<\/p>\n\n\n\n<p>Alla tr\u00e4ningsverktyg skall desinficeras efter anv\u00e4ndning och tv\u00e4tta dina h\u00e4nder noggrant f\u00f6re och efter du g\u00e5r in p\u00e5 gymmet. Handsprit finns f\u00f6r alla att anv\u00e4nda.<\/p>\n\n\n\n<figure class=\"wp-block-image size-large\"><img loading=\"lazy\" decoding=\"async\" width=\"641\" height=\"267\" src=\"http:\/\/old.horredssk.se\/wp-content\/uploads\/2020\/11\/H\u00e5ll-avst\u00e5nd.png\" alt=\"\" class=\"wp-image-2033\" srcset=\"http:\/\/old.horredssk.se\/wp-content\/uploads\/2020\/11\/H\u00e5ll-avst\u00e5nd.png 641w, http:\/\/old.horredssk.se\/wp-content\/uploads\/2020\/11\/H\u00e5ll-avst\u00e5nd-300x125.png 300w, http:\/\/old.horredssk.se\/wp-content\/uploads\/2020\/11\/H\u00e5ll-avst\u00e5nd-500x208.png 500w\" sizes=\"auto, (max-width: 641px) 100vw, 641px\" \/><\/figure>\n","protected":false},"excerpt":{"rendered":"<p>M\u00e5ndag till Torsdag 05:00-22:00 Fredag\u00a0 05:00-18:00 L\u00f6rdag 09:00-16:00 S\u00f6ndag 09:00-21:00 Vi vill fortfarande att n\u00e4r ni bes\u00f6ker gymmet: H\u00e5ll avst\u00e5nd! Tv\u00e4tta h\u00e4nderna! Stanna hemma om du k\u00e4nner dig f\u00f6rkyld! Alla tr\u00e4ningsverktyg skall desinficeras efter anv\u00e4ndning och tv\u00e4tta dina h\u00e4nder noggrant &hellip; <a href=\"http:\/\/old.horredssk.se\/?page_id=59\">L\u00e4s mer <span class=\"meta-nav\">&rarr;<\/span><\/a><\/p>\n","protected":false},"author":2,"featured_media":0,"parent":52,"menu_order":0,"comment_status":"open","ping_status":"open","template":"","meta":{"jetpack_post_was_ever_published":false,"footnotes":""},"class_list":["post-59","page","type-page","status-publish","hentry"],"jetpack_sharing_enabled":true,"jetpack_shortlink":"https:\/\/wp.me\/P32WzJ-X","_links":{"self":[{"href":"http:\/\/old.horredssk.se\/index.php?rest_route=\/wp\/v2\/pages\/59","targetHints":{"allow":["GET"]}}],"collection":[{"href":"http:\/\/old.horredssk.se\/index.php?rest_route=\/wp\/v2\/pages"}],"about":[{"href":"http:\/\/old.horredssk.se\/index.php?rest_route=\/wp\/v2\/types\/page"}],"author":[{"embeddable":true,"href":"http:\/\/old.horredssk.se\/index.php?rest_route=\/wp\/v2\/users\/2"}],"replies":[{"embeddable":true,"href":"http:\/\/old.horredssk.se\/index.php?rest_route=%2Fwp%2Fv2%2Fcomments&post=59"}],"version-history":[{"count":17,"href":"http:\/\/old.horredssk.se\/index.php?rest_route=\/wp\/v2\/pages\/59\/revisions"}],"predecessor-version":[{"id":3483,"href":"http:\/\/old.horredssk.se\/index.php?rest_route=\/wp\/v2\/pages\/59\/revisions\/3483"}],"up":[{"embeddable":true,"href":"http:\/\/old.horredssk.se\/index.php?rest_route=\/wp\/v2\/pages\/52"}],"wp:attachment":[{"href":"http:\/\/old.horredssk.se\/index.php?rest_route=%2Fwp%2Fv2%2Fmedia&parent=59"}],"curies":[{"name":"wp","href":"https:\/\/api.w.org\/{rel}","templated":true}]}}