{"id":54,"date":"2013-01-09T21:28:19","date_gmt":"2013-01-09T20:28:19","guid":{"rendered":"http:\/\/wptest.horredssk.se\/?page_id=54"},"modified":"2025-09-10T14:47:11","modified_gmt":"2025-09-10T12:47:11","slug":"badmintion","status":"publish","type":"page","link":"http:\/\/old.horredssk.se\/?page_id=54","title":{"rendered":"Badminton\/ Tennis"},"content":{"rendered":"<p><strong>Nu \u00e4r det dags f\u00f6r racketsport!<\/strong><\/p>\n<p><span style=\"font-size: revert;\">V\u00e5r utomhusbana f\u00f6r tennis \u00e4r \u00f6ppen f\u00f6r spel. L\u00e4s mer om hur du bokar banan p\u00e5 sektionssidan f\u00f6r <\/span><a style=\"font-size: revert;\" href=\"http:\/\/old.horredssk.se\/?page_id=5\">racketsporterna<\/a><span style=\"font-size: revert;\">.<\/span><\/p>\n<p><strong>Badminton \u00e4r ig\u00e5ng igen i <a href=\"https:\/\/maps.google.se\/maps?q=57.36099,12.47284&amp;num=1&amp;t=h&amp;z=18\" target=\"_blank\" rel=\"noopener noreferrer\">Horreds idrottshall.<\/a><\/strong><\/p>\n<table style=\"height: 76px;\" width=\"466\">\n<tbody>\n<tr>\n<td><span style=\"text-decoration: underline;\">Dag<\/span><\/td>\n<td><span style=\"text-decoration: underline;\">Tid<\/span><\/td>\n<td><span style=\"text-decoration: underline;\">Lokal<\/span><\/td>\n<td><span style=\"text-decoration: underline;\">Vecka<\/span><\/td>\n<\/tr>\n<tr>\n<td>Tisdag<\/td>\n<td>20:00-22:00<\/td>\n<td>Stora Horredshallen<\/td>\n<td>\n<p>v.36-50<\/p>\n<\/td>\n<\/tr>\n<tr>\n<td>Onsdag<\/td>\n<td>17:30-18:30<\/td>\n<td>Lilla Horredshallen<\/td>\n<td>v.38-50<\/td>\n<\/tr>\n<tr>\n<td>S\u00f6ndag<\/td>\n<td>19:00-21:00<\/td>\n<td>Stora Horredshallen<\/td>\n<td>v.36-50<\/td>\n<\/tr>\n<\/tbody>\n<\/table>\n\n\n<p><em>Fr\u00e5n och med onsdag&nbsp;(17\/9) erbjuder sportklubben m\u00f6jlighet till vuxen-barn-badminton i lilla hallen&nbsp;kl. 17.30-18.30. Konceptet inneb\u00e4r att det ska&nbsp;finnas en vuxen&nbsp;med i varje s\u00e4llskap. Det \u00e4r ingen&nbsp;&#8221;tr\u00e4ning&#8221; utan fritt spel. Bollar och l\u00e5nerack finns om behov finns.&nbsp;<\/em><\/p>\n\n\n\n<p><em>Varm v\u00e4lkomna!<\/em><\/p>\n\n\n\n<figure class=\"wp-block-image size-full\"><a href=\"http:\/\/old.horredssk.se\/wp-content\/uploads\/2020\/01\/badminton.png\"><img loading=\"lazy\" decoding=\"async\" width=\"752\" height=\"720\" src=\"http:\/\/old.horredssk.se\/wp-content\/uploads\/2020\/01\/badminton.png\" alt=\"\" class=\"wp-image-1740\" srcset=\"http:\/\/old.horredssk.se\/wp-content\/uploads\/2020\/01\/badminton.png 752w, http:\/\/old.horredssk.se\/wp-content\/uploads\/2020\/01\/badminton-300x287.png 300w, http:\/\/old.horredssk.se\/wp-content\/uploads\/2020\/01\/badminton-313x300.png 313w\" sizes=\"auto, (max-width: 752px) 100vw, 752px\" \/><\/a><\/figure>\n","protected":false},"excerpt":{"rendered":"<p>Nu \u00e4r det dags f\u00f6r racketsport! V\u00e5r utomhusbana f\u00f6r tennis \u00e4r \u00f6ppen f\u00f6r spel. L\u00e4s mer om hur du bokar banan p\u00e5 sektionssidan f\u00f6r racketsporterna. Badminton \u00e4r ig\u00e5ng igen i Horreds idrottshall. Dag Tid Lokal Vecka Tisdag 20:00-22:00 Stora Horredshallen &hellip; <a href=\"http:\/\/old.horredssk.se\/?page_id=54\">L\u00e4s mer <span class=\"meta-nav\">&rarr;<\/span><\/a><\/p>\n","protected":false},"author":2,"featured_media":0,"parent":52,"menu_order":0,"comment_status":"open","ping_status":"open","template":"","meta":{"jetpack_post_was_ever_published":false,"footnotes":""},"class_list":["post-54","page","type-page","status-publish","hentry"],"jetpack_sharing_enabled":true,"jetpack_shortlink":"https:\/\/wp.me\/P32WzJ-S","_links":{"self":[{"href":"http:\/\/old.horredssk.se\/index.php?rest_route=\/wp\/v2\/pages\/54","targetHints":{"allow":["GET"]}}],"collection":[{"href":"http:\/\/old.horredssk.se\/index.php?rest_route=\/wp\/v2\/pages"}],"about":[{"href":"http:\/\/old.horredssk.se\/index.php?rest_route=\/wp\/v2\/types\/page"}],"author":[{"embeddable":true,"href":"http:\/\/old.horredssk.se\/index.php?rest_route=\/wp\/v2\/users\/2"}],"replies":[{"embeddable":true,"href":"http:\/\/old.horredssk.se\/index.php?rest_route=%2Fwp%2Fv2%2Fcomments&post=54"}],"version-history":[{"count":51,"href":"http:\/\/old.horredssk.se\/index.php?rest_route=\/wp\/v2\/pages\/54\/revisions"}],"predecessor-version":[{"id":3468,"href":"http:\/\/old.horredssk.se\/index.php?rest_route=\/wp\/v2\/pages\/54\/revisions\/3468"}],"up":[{"embeddable":true,"href":"http:\/\/old.horredssk.se\/index.php?rest_route=\/wp\/v2\/pages\/52"}],"wp:attachment":[{"href":"http:\/\/old.horredssk.se\/index.php?rest_route=%2Fwp%2Fv2%2Fmedia&parent=54"}],"curies":[{"name":"wp","href":"https:\/\/api.w.org\/{rel}","templated":true}]}}