{"id":41,"date":"2013-01-09T21:04:02","date_gmt":"2013-01-09T20:04:02","guid":{"rendered":"http:\/\/wptest.horredssk.se\/?page_id=41"},"modified":"2019-11-16T18:04:26","modified_gmt":"2019-11-16T17:04:26","slug":"skidor","status":"publish","type":"page","link":"http:\/\/old.horredssk.se\/?page_id=41","title":{"rendered":"Skidor"},"content":{"rendered":"<p><img loading=\"lazy\" decoding=\"async\" class=\"size-full wp-image-139 aligncenter\" src=\"http:\/\/wptest.horredssk.se\/wp-content\/uploads\/2013\/01\/track070110mini.jpg\" alt=\"track070110mini\" width=\"640\" height=\"427\" srcset=\"http:\/\/old.horredssk.se\/wp-content\/uploads\/2013\/01\/track070110mini.jpg 640w, http:\/\/old.horredssk.se\/wp-content\/uploads\/2013\/01\/track070110mini-300x200.jpg 300w, http:\/\/old.horredssk.se\/wp-content\/uploads\/2013\/01\/track070110mini-449x300.jpg 449w\" sizes=\"auto, (max-width: 640px) 100vw, 640px\" \/><\/p>\n<p>Vi sp\u00e5rar v\u00e5r elljus bana och gr\u00e4smattorna runt stugan s\u00e5 fort det finns sn\u00f6, Agnsj\u00f6n och ibland \u00e4ven skogav\u00e4gen.<\/p>\n<p><img loading=\"lazy\" decoding=\"async\" class=\"size-medium wp-image-138 aligncenter\" style=\"border-color: #bbbbbb; background-color: #eeeeee;\" src=\"http:\/\/wptest.horredssk.se\/wp-content\/uploads\/2013\/01\/track-300x199.jpg\" alt=\"track\" width=\"300\" height=\"199\" srcset=\"http:\/\/old.horredssk.se\/wp-content\/uploads\/2013\/01\/track-300x199.jpg 300w, http:\/\/old.horredssk.se\/wp-content\/uploads\/2013\/01\/track-450x300.jpg 450w, http:\/\/old.horredssk.se\/wp-content\/uploads\/2013\/01\/track.jpg 640w\" sizes=\"auto, (max-width: 300px) 100vw, 300px\" \/><\/p>\n<p>\u00a0<\/p>\n\n\n<p><\/p>\n","protected":false},"excerpt":{"rendered":"<p>Vi sp\u00e5rar v\u00e5r elljus bana och gr\u00e4smattorna runt stugan s\u00e5 fort det finns sn\u00f6, Agnsj\u00f6n och ibland \u00e4ven skogav\u00e4gen. \u00a0<\/p>\n","protected":false},"author":2,"featured_media":0,"parent":31,"menu_order":0,"comment_status":"open","ping_status":"open","template":"","meta":{"jetpack_post_was_ever_published":false,"footnotes":""},"class_list":["post-41","page","type-page","status-publish","hentry"],"jetpack_sharing_enabled":true,"jetpack_shortlink":"https:\/\/wp.me\/P32WzJ-F","_links":{"self":[{"href":"http:\/\/old.horredssk.se\/index.php?rest_route=\/wp\/v2\/pages\/41","targetHints":{"allow":["GET"]}}],"collection":[{"href":"http:\/\/old.horredssk.se\/index.php?rest_route=\/wp\/v2\/pages"}],"about":[{"href":"http:\/\/old.horredssk.se\/index.php?rest_route=\/wp\/v2\/types\/page"}],"author":[{"embeddable":true,"href":"http:\/\/old.horredssk.se\/index.php?rest_route=\/wp\/v2\/users\/2"}],"replies":[{"embeddable":true,"href":"http:\/\/old.horredssk.se\/index.php?rest_route=%2Fwp%2Fv2%2Fcomments&post=41"}],"version-history":[{"count":6,"href":"http:\/\/old.horredssk.se\/index.php?rest_route=\/wp\/v2\/pages\/41\/revisions"}],"predecessor-version":[{"id":1624,"href":"http:\/\/old.horredssk.se\/index.php?rest_route=\/wp\/v2\/pages\/41\/revisions\/1624"}],"up":[{"embeddable":true,"href":"http:\/\/old.horredssk.se\/index.php?rest_route=\/wp\/v2\/pages\/31"}],"wp:attachment":[{"href":"http:\/\/old.horredssk.se\/index.php?rest_route=%2Fwp%2Fv2%2Fmedia&parent=41"}],"curies":[{"name":"wp","href":"https:\/\/api.w.org\/{rel}","templated":true}]}}