{"id":3349,"date":"2025-02-11T22:42:57","date_gmt":"2025-02-11T21:42:57","guid":{"rendered":"http:\/\/old.horredssk.se\/?page_id=3349"},"modified":"2025-02-20T18:36:27","modified_gmt":"2025-02-20T17:36:27","slug":"arsstamma-2025","status":"publish","type":"page","link":"http:\/\/old.horredssk.se\/?page_id=3349","title":{"rendered":"\u00c5rsst\u00e4mma 2025"},"content":{"rendered":"\n<p>\u00c5rsst\u00e4mma kommer h\u00e5llas den 20:de februari 19:00 i Kilag\u00e5rden. <\/p>\n\n\n\n<p>F\u00f6ljande handlingar till m\u00f6tet:<\/p>\n\n\n\n<div class=\"wp-block-file\"><a id=\"wp-block-file--media-9862deac-ecf5-4481-8040-ae56e96f0acc\" href=\"http:\/\/old.horredssk.se\/wp-content\/uploads\/2025\/02\/Verksamhetsberattelse-Stugkommiten-2024.docx\">Verksamhetsber\u00e4ttelse 2024 Stugkommit\u00e9n<\/a><\/div>\n\n\n\n<div class=\"wp-block-file\"><a id=\"wp-block-file--media-5b5563d9-bae6-409e-b034-ac3cc2faff0d\" href=\"http:\/\/old.horredssk.se\/wp-content\/uploads\/2025\/02\/Verksamhetsberattelse-2024_1.docx\">Verksamhetsber\u00e4ttelse 2024 Styrelsen<\/a><\/div>\n\n\n\n<div class=\"wp-block-file\"><a id=\"wp-block-file--media-f0d89ece-21ef-4e13-aad7-30a3794bd801\" href=\"http:\/\/old.horredssk.se\/wp-content\/uploads\/2025\/02\/2024-Verksamhetsberattelse-gymnastiksektionen.docx\">Verksamhetsber\u00e4ttelse 2024 Gymnastiksektionen<\/a><\/div>\n\n\n\n<div class=\"wp-block-file\"><a id=\"wp-block-file--media-005a4311-be1e-40b9-b79b-062d2b032fc5\" href=\"http:\/\/old.horredssk.se\/wp-content\/uploads\/2025\/02\/Verksam-ber-HSK-Racket-_24.doc\">Verksamhetsber\u00e4ttelse 2024 Racketsektionen<\/a><\/div>\n\n\n\n<div class=\"wp-block-file\"><a id=\"wp-block-file--media-7992e876-8bc1-4ce9-98de-49d8b8c72d75\" href=\"http:\/\/old.horredssk.se\/wp-content\/uploads\/2025\/02\/HSK-Gymsektions-verksamhetsberattelse-2024.docx\">Verksamhetsber\u00e4ttelse 2024 Gymsektionen<\/a><\/div>\n\n\n\n<div class=\"wp-block-file\"><a id=\"wp-block-file--media-ee0b15c5-79c3-4ec8-9059-469f30349d35\" href=\"http:\/\/old.horredssk.se\/wp-content\/uploads\/2025\/02\/Verksamhetsberattelse-2024-ban-o-anlaggning.docx\">Verksamhetsber\u00e4ttelse 2024 Ban- och anl\u00e4ggningskommit\u00e9n<\/a><\/div>\n\n\n\n<div class=\"wp-block-file\"><a id=\"wp-block-file--media-0581d72d-ed7e-42e3-aab9-78d512a1ddd3\" href=\"http:\/\/old.horredssk.se\/wp-content\/uploads\/2025\/02\/Verksamhetsplan-2025-2027-motionssektionen.pdf\">Verksamhetsplan-2025-2027 Motionssektionen<\/a><\/div>\n\n\n\n<div class=\"wp-block-file\"><a id=\"wp-block-file--media-e7f54305-c363-4cfe-b4e9-0950a9e0dad2\" href=\"http:\/\/old.horredssk.se\/wp-content\/uploads\/2025\/02\/2025-Verksamhetsplan-gymnastiksektionen.docx\">Verksamhetsplan 2025-2027 Gymnastiksektionen<\/a><\/div>\n\n\n\n<div class=\"wp-block-file\"><a id=\"wp-block-file--media-3b75dad5-7b0c-4202-911d-aeb87b95aa75\" href=\"http:\/\/old.horredssk.se\/wp-content\/uploads\/2025\/02\/HSK-Verksamhetsplan-2025_2027-Racketsektionen.doc\">Verksamhetsplan 2025-2027 Racketsektionen<\/a><\/div>\n\n\n\n<div class=\"wp-block-file\"><a id=\"wp-block-file--media-3f1c420c-065d-4522-bb94-2d84250f9c89\" href=\"http:\/\/old.horredssk.se\/wp-content\/uploads\/2025\/02\/Verksamhetsplan-gymsektionen-2025.docx\">Verksamhetsplan 2025-2027 Gymsektionen<\/a><\/div>\n\n\n\n<div class=\"wp-block-file\"><a id=\"wp-block-file--media-a1d3fcfd-9520-4705-93c0-738fa072c3bc\" href=\"http:\/\/old.horredssk.se\/wp-content\/uploads\/2025\/02\/Verksamhetsplan-ban-o-anlaggning-2025.docx\">Verksamhetsplan 2025-2027 Ban- och anlaggningskommit\u00e9n<\/a><\/div>\n\n\n\n<div class=\"wp-block-file\"><a id=\"wp-block-file--media-85f66506-0bd2-4ce5-9617-f4790202934a\" href=\"http:\/\/old.horredssk.se\/wp-content\/uploads\/2025\/02\/Verksamhetsplan-Stugkommitten-2025-2027.pdf\">Verksamhetsplan 2025-2027 Stugkommitt\u00e9n<\/a><\/div>\n\n\n\n<div class=\"wp-block-file\"><a id=\"wp-block-file--media-b74b580a-6c48-4ff6-85d2-0b7938ce40f5\" href=\"http:\/\/old.horredssk.se\/wp-content\/uploads\/2025\/02\/Budget-2025-HSK-1.pdf\">Budget 2025<\/a><\/div>\n\n\n\n<div class=\"wp-block-file\"><a id=\"wp-block-file--media-1c33bb16-4ec9-40c8-b21d-297647a09b92\" href=\"http:\/\/old.horredssk.se\/wp-content\/uploads\/2025\/02\/Revisionsberattelse.pdf\">Revisionsber\u00e4ttelse 2024<\/a><\/div>\n\n\n\n<div class=\"wp-block-file\"><a id=\"wp-block-file--media-7a1ea4f3-2787-49c7-90a5-035b4877b86b\" href=\"http:\/\/old.horredssk.se\/wp-content\/uploads\/2025\/02\/2024-boklut-HSK-med-paskrifter.pdf\">\u00c5rsbokslut 2024<\/a><\/div>\n\n\n\n<div class=\"wp-block-file\"><a id=\"wp-block-file--media-3b1d4712-0924-4b17-ac1b-f3af1358b02b\" href=\"http:\/\/old.horredssk.se\/wp-content\/uploads\/2025\/02\/Dagordning-vid-Horreds-Sportklubbs-arsstamma-2025.docx\">Dagordning \u00c5rsst\u00e4mma 2025<\/a><\/div>\n\n\n\n<div class=\"wp-block-file\"><a id=\"wp-block-file--media-62fcff8d-f86b-4b8b-8f40-3d93588a3fed\" href=\"http:\/\/old.horredssk.se\/wp-content\/uploads\/2025\/02\/Forslag-pa-stadgeandringar.docx\">F\u00f6rslag Stadge\u00e4ndringar 2025<\/a><\/div>\n","protected":false},"excerpt":{"rendered":"<p>\u00c5rsst\u00e4mma kommer h\u00e5llas den 20:de februari 19:00 i Kilag\u00e5rden. F\u00f6ljande handlingar till m\u00f6tet:<\/p>\n","protected":false},"author":12,"featured_media":0,"parent":51,"menu_order":0,"comment_status":"closed","ping_status":"closed","template":"","meta":{"jetpack_post_was_ever_published":false,"footnotes":""},"class_list":["post-3349","page","type-page","status-publish","hentry"],"jetpack_sharing_enabled":true,"jetpack_shortlink":"https:\/\/wp.me\/P32WzJ-S1","_links":{"self":[{"href":"http:\/\/old.horredssk.se\/index.php?rest_route=\/wp\/v2\/pages\/3349","targetHints":{"allow":["GET"]}}],"collection":[{"href":"http:\/\/old.horredssk.se\/index.php?rest_route=\/wp\/v2\/pages"}],"about":[{"href":"http:\/\/old.horredssk.se\/index.php?rest_route=\/wp\/v2\/types\/page"}],"author":[{"embeddable":true,"href":"http:\/\/old.horredssk.se\/index.php?rest_route=\/wp\/v2\/users\/12"}],"replies":[{"embeddable":true,"href":"http:\/\/old.horredssk.se\/index.php?rest_route=%2Fwp%2Fv2%2Fcomments&post=3349"}],"version-history":[{"count":9,"href":"http:\/\/old.horredssk.se\/index.php?rest_route=\/wp\/v2\/pages\/3349\/revisions"}],"predecessor-version":[{"id":3385,"href":"http:\/\/old.horredssk.se\/index.php?rest_route=\/wp\/v2\/pages\/3349\/revisions\/3385"}],"up":[{"embeddable":true,"href":"http:\/\/old.horredssk.se\/index.php?rest_route=\/wp\/v2\/pages\/51"}],"wp:attachment":[{"href":"http:\/\/old.horredssk.se\/index.php?rest_route=%2Fwp%2Fv2%2Fmedia&parent=3349"}],"curies":[{"name":"wp","href":"https:\/\/api.w.org\/{rel}","templated":true}]}}