{"id":3191,"date":"2024-03-28T08:49:13","date_gmt":"2024-03-28T07:49:13","guid":{"rendered":"http:\/\/old.horredssk.se\/?page_id=3191"},"modified":"2025-08-03T11:05:36","modified_gmt":"2025-08-03T09:05:36","slug":"hinderbanelopp-2024","status":"publish","type":"page","link":"http:\/\/old.horredssk.se\/?page_id=3191","title":{"rendered":"Hinderbanelopp 2025"},"content":{"rendered":"\n<p>Passar barn upp till 8 \u00e5r<\/p>\n\n\n\n<p>o N\u00e4r? 2 september kl. 17.30<br>o Var? Samling nedanf\u00f6r Horredshallen<br>o \u00c4tbar medalj till de 50 f\u00f6rsta deltagarna.<br>o Alla v\u00e4lkomna, oavsett om du \u00e4r medlem eller ej<br>o G\u00f6r g\u00e4rna de yngsta barnen s\u00e4llskap l\u00e4ngs banan.<\/p>\n\n\n\n<p>Allt deltagande sker p\u00e5 egen risk. M\u00e5lsman ansvarar f\u00f6r sitt\/sina barn.<\/p>\n\n\n\n<div class=\"wp-block-file\"><a id=\"wp-block-file--media-dddf5369-3934-41dc-98e0-d2e8377a6e07\" href=\"http:\/\/old.horredssk.se\/wp-content\/uploads\/2025\/08\/HSKs-barnlopp2025.docx\">Info blad<\/a><a href=\"http:\/\/old.horredssk.se\/wp-content\/uploads\/2025\/08\/HSKs-barnlopp2025.docx\" class=\"wp-block-file__button wp-element-button\" download aria-describedby=\"wp-block-file--media-dddf5369-3934-41dc-98e0-d2e8377a6e07\"><\/a><\/div>\n\n\n\n<p><\/p>\n","protected":false},"excerpt":{"rendered":"<p>Passar barn upp till 8 \u00e5r o N\u00e4r? 2 september kl. 17.30o Var? Samling nedanf\u00f6r Horredshalleno \u00c4tbar medalj till de 50 f\u00f6rsta deltagarna.o Alla v\u00e4lkomna, oavsett om du \u00e4r medlem eller ejo G\u00f6r g\u00e4rna de yngsta barnen s\u00e4llskap l\u00e4ngs banan. &hellip; <a href=\"http:\/\/old.horredssk.se\/?page_id=3191\">L\u00e4s mer <span class=\"meta-nav\">&rarr;<\/span><\/a><\/p>\n","protected":false},"author":14,"featured_media":0,"parent":0,"menu_order":0,"comment_status":"closed","ping_status":"closed","template":"","meta":{"jetpack_post_was_ever_published":false,"footnotes":""},"class_list":["post-3191","page","type-page","status-publish","hentry"],"jetpack_sharing_enabled":true,"jetpack_shortlink":"https:\/\/wp.me\/P32WzJ-Pt","_links":{"self":[{"href":"http:\/\/old.horredssk.se\/index.php?rest_route=\/wp\/v2\/pages\/3191","targetHints":{"allow":["GET"]}}],"collection":[{"href":"http:\/\/old.horredssk.se\/index.php?rest_route=\/wp\/v2\/pages"}],"about":[{"href":"http:\/\/old.horredssk.se\/index.php?rest_route=\/wp\/v2\/types\/page"}],"author":[{"embeddable":true,"href":"http:\/\/old.horredssk.se\/index.php?rest_route=\/wp\/v2\/users\/14"}],"replies":[{"embeddable":true,"href":"http:\/\/old.horredssk.se\/index.php?rest_route=%2Fwp%2Fv2%2Fcomments&post=3191"}],"version-history":[{"count":6,"href":"http:\/\/old.horredssk.se\/index.php?rest_route=\/wp\/v2\/pages\/3191\/revisions"}],"predecessor-version":[{"id":3451,"href":"http:\/\/old.horredssk.se\/index.php?rest_route=\/wp\/v2\/pages\/3191\/revisions\/3451"}],"wp:attachment":[{"href":"http:\/\/old.horredssk.se\/index.php?rest_route=%2Fwp%2Fv2%2Fmedia&parent=3191"}],"curies":[{"name":"wp","href":"https:\/\/api.w.org\/{rel}","templated":true}]}}