{"id":3064,"date":"2023-12-09T14:26:43","date_gmt":"2023-12-09T13:26:43","guid":{"rendered":"http:\/\/old.horredssk.se\/?page_id=3064"},"modified":"2024-03-27T11:23:37","modified_gmt":"2024-03-27T10:23:37","slug":"arsstamma-2024","status":"publish","type":"page","link":"http:\/\/old.horredssk.se\/?page_id=3064","title":{"rendered":"\u00c5rsst\u00e4mma 2024"},"content":{"rendered":"\n<p><strong>\u00c5rsst\u00e4mman kommer h\u00e5llas den 22 februari 2024 19:00 i Kilag\u00e5rden.<\/strong><\/p>\n\n\n\n<p><span style=\"text-decoration: underline;\">F\u00f6ljande handlingar till m\u00f6tet<\/span>:<\/p>\n\n\n\n<p><a href=\"http:\/\/old.horredssk.se\/wp-content\/uploads\/2024\/01\/Dagordning-arsmote-2024.docx\">Dagordning \u00e5rsst\u00e4mma 2024<\/a><\/p>\n\n\n\n<p><a href=\"http:\/\/old.horredssk.se\/wp-content\/uploads\/2024\/02\/Verksamhetsberattelse-2023.docx\">Verksamhetsber\u00e4ttelse 2023 Styrelsen<\/a><\/p>\n\n\n\n<p><a href=\"http:\/\/old.horredssk.se\/wp-content\/uploads\/2024\/01\/Verksamhetsberattelse-2023-Motionssektionen-.pdf\">Verksamhetsber\u00e4ttelse 2023 Motionssektionen<\/a><\/p>\n\n\n\n<p><a href=\"http:\/\/old.horredssk.se\/wp-content\/uploads\/2024\/01\/Verksamhetsberattelse-2023-Gymnastiksektionen.pdf\">Verksamhetsber\u00e4ttelse 2023 Gymnastiksektionen<\/a><\/p>\n\n\n\n<p><a href=\"http:\/\/old.horredssk.se\/wp-content\/uploads\/2024\/01\/Verksamhetsberattelse-2023-Racket.pdf\">Verksamhetsber\u00e4ttelse 2023 Racket<\/a><\/p>\n\n\n\n<p><a href=\"http:\/\/old.horredssk.se\/wp-content\/uploads\/2024\/01\/Verksamhetsberattelse-2023-Gymsektionen.pdf\">Verksamhetsber\u00e4ttelse 2023 Gymsektionen<\/a><\/p>\n\n\n\n<p><a href=\"http:\/\/old.horredssk.se\/wp-content\/uploads\/2024\/01\/Verksamhetsberattelse-2023-Ban-o-anlaggning.pdf\">Verksamhetsber\u00e4ttelse 2023 Ban- och anl\u00e4ggningskommitt\u00e9n<\/a><\/p>\n\n\n\n<p><a href=\"http:\/\/old.horredssk.se\/wp-content\/uploads\/2024\/01\/Verksamhetsberattelse-2023-Stugkommitten.pdf\">Verksamhetsber\u00e4ttelse 2023 Stugkommitt\u00e9n<\/a><\/p>\n\n\n\n<p><a href=\"http:\/\/old.horredssk.se\/wp-content\/uploads\/2024\/01\/Forenklat-arsbokslut.pdf\">F\u00f6renklat \u00e5rsbokslut<\/a><\/p>\n\n\n\n<p><a href=\"http:\/\/old.horredssk.se\/wp-content\/uploads\/2024\/02\/2023-revisionsberattelse-Horreds-Sportklubb.pdf\">Revisionsber\u00e4ttelse<\/a><\/p>\n\n\n\n<p><a href=\"http:\/\/old.horredssk.se\/wp-content\/uploads\/2024\/01\/Verksamhetsplan-2024-2026-Motionssektionen.pdf\">Verksamhetsplan 2024-2026 Motionssektionen<\/a><\/p>\n\n\n\n<p><a href=\"http:\/\/old.horredssk.se\/wp-content\/uploads\/2024\/01\/Verksamhetsplan-2024-2026-gymnastiksektionen.pdf\">Verksamhetsplan 2024-2026 Gymnastiksektionen<\/a><\/p>\n\n\n\n<p><a href=\"http:\/\/old.horredssk.se\/wp-content\/uploads\/2024\/01\/Verksamhetsplan-2024-2026-Racketsektionen.pdf\">Verksamhetsplan 2024-2026 Racketsektionen<\/a><\/p>\n\n\n\n<p><a href=\"http:\/\/old.horredssk.se\/wp-content\/uploads\/2024\/02\/Verksamhetsplan-gymsektionen-2024-.pdf\">Verksamhetsplan 2024-2026 Gymsektionen<\/a><\/p>\n\n\n\n<p><a href=\"http:\/\/old.horredssk.se\/wp-content\/uploads\/2024\/01\/Verksamhetsplan-med-budget-Ban-o-anlaggning-2024.pdf\">Verksamhetsplan 2024-2026 Ban- och anl\u00e4ggningskommitt\u00e9n<\/a><\/p>\n\n\n\n<p><a href=\"http:\/\/old.horredssk.se\/wp-content\/uploads\/2024\/01\/Verksamhetsplan-2024-2026-Stugkommiteen.pdf\">Verksamhetsplan 2024-2026 Stugkommite\u00e9n<\/a><\/p>\n\n\n\n<p><a href=\"http:\/\/old.horredssk.se\/wp-content\/uploads\/2024\/01\/Budget-2024-Horreds-Sportklubb.pdf\">Budget 2024 Horreds Sportklubb<\/a><\/p>\n","protected":false},"excerpt":{"rendered":"<p>\u00c5rsst\u00e4mman kommer h\u00e5llas den 22 februari 2024 19:00 i Kilag\u00e5rden. F\u00f6ljande handlingar till m\u00f6tet: Dagordning \u00e5rsst\u00e4mma 2024 Verksamhetsber\u00e4ttelse 2023 Styrelsen Verksamhetsber\u00e4ttelse 2023 Motionssektionen Verksamhetsber\u00e4ttelse 2023 Gymnastiksektionen Verksamhetsber\u00e4ttelse 2023 Racket Verksamhetsber\u00e4ttelse 2023 Gymsektionen Verksamhetsber\u00e4ttelse 2023 Ban- och anl\u00e4ggningskommitt\u00e9n Verksamhetsber\u00e4ttelse 2023 Stugkommitt\u00e9n &hellip; <a href=\"http:\/\/old.horredssk.se\/?page_id=3064\">L\u00e4s mer <span class=\"meta-nav\">&rarr;<\/span><\/a><\/p>\n","protected":false},"author":14,"featured_media":0,"parent":51,"menu_order":1,"comment_status":"closed","ping_status":"closed","template":"","meta":{"jetpack_post_was_ever_published":false,"footnotes":""},"class_list":["post-3064","page","type-page","status-publish","hentry"],"jetpack_sharing_enabled":true,"jetpack_shortlink":"https:\/\/wp.me\/P32WzJ-Nq","_links":{"self":[{"href":"http:\/\/old.horredssk.se\/index.php?rest_route=\/wp\/v2\/pages\/3064","targetHints":{"allow":["GET"]}}],"collection":[{"href":"http:\/\/old.horredssk.se\/index.php?rest_route=\/wp\/v2\/pages"}],"about":[{"href":"http:\/\/old.horredssk.se\/index.php?rest_route=\/wp\/v2\/types\/page"}],"author":[{"embeddable":true,"href":"http:\/\/old.horredssk.se\/index.php?rest_route=\/wp\/v2\/users\/14"}],"replies":[{"embeddable":true,"href":"http:\/\/old.horredssk.se\/index.php?rest_route=%2Fwp%2Fv2%2Fcomments&post=3064"}],"version-history":[{"count":22,"href":"http:\/\/old.horredssk.se\/index.php?rest_route=\/wp\/v2\/pages\/3064\/revisions"}],"predecessor-version":[{"id":3131,"href":"http:\/\/old.horredssk.se\/index.php?rest_route=\/wp\/v2\/pages\/3064\/revisions\/3131"}],"up":[{"embeddable":true,"href":"http:\/\/old.horredssk.se\/index.php?rest_route=\/wp\/v2\/pages\/51"}],"wp:attachment":[{"href":"http:\/\/old.horredssk.se\/index.php?rest_route=%2Fwp%2Fv2%2Fmedia&parent=3064"}],"curies":[{"name":"wp","href":"https:\/\/api.w.org\/{rel}","templated":true}]}}