{"id":2895,"date":"2023-08-19T08:43:20","date_gmt":"2023-08-19T06:43:20","guid":{"rendered":"http:\/\/old.horredssk.se\/?page_id=2895"},"modified":"2025-08-03T11:11:26","modified_gmt":"2025-08-03T09:11:26","slug":"hsk-rundan","status":"publish","type":"page","link":"http:\/\/old.horredssk.se\/?page_id=2895","title":{"rendered":"HSK Rundan 2025"},"content":{"rendered":"\n<p><strong>\u00a02 September , START KL. <\/strong>18:30<\/p>\n\n\n\n<ul class=\"wp-block-list\">\n<li><strong>5 KM SNITSLAD BARNVAGNSV\u00c4NLIG RUNDA I HORRED, BLANDAT GRUS, ASFALT, STIG OCH V\u00c4G.<br>G\u00c5, LUNKA ELLER SPRING &#8211; DU V\u00c4LJER SJ\u00c4LV.&nbsp;<br>B\u00c4R G\u00c4RNA REFLEXV\u00c4ST UNDER RUNDAN<br><br><\/strong><\/li>\n\n\n\n<li><strong>SAMLING VID HORREDSHALLEN SENAST KLOCKAN 18.15 F\u00d6R GEMENSAM UPPV\u00c4RMINING.<br><br><\/strong><\/li>\n\n\n\n<li><strong>OMBYTE OCH DUSCHM\u00d6JLIGHETER I HORREDSHALLEN.<br>F\u00d6R V\u00c4RDESAKER ANSVARAS EJ.<br><br><\/strong><\/li>\n\n\n\n<li><strong>F\u00d6RANM\u00c4L DIG SENAST DEN 31 Augusti GENOM ATT SWISHA 50 KR TILL 123\u00a0188 48 81, UPPGE DITT NAMN VID ANM\u00c4LAN. FRALLOR OCH DRICKA TILL ALLA SOM F\u00d6RANM\u00c4LER SIG<br><br><\/strong><\/li>\n\n\n\n<li><strong>M\u00d6JLIGHET TILL ANM\u00c4LAN P\u00c5 PLATS SAMMA KV\u00c4LL KL 17.30-18.15<br><br><\/strong><\/li>\n\n\n\n<li><strong>UTLOTTNING AV PRISER BLAND ALLA SOM DELTAR<\/strong><\/li>\n<\/ul>\n\n\n\n<ul class=\"wp-block-list\">\n<li><strong>ALLA V\u00c4LKOMNA, OAVSETT MEDLEM ELLER EJ<\/strong><\/li>\n<\/ul>\n\n\n\n<ul class=\"wp-block-list\">\n<li><strong>ALLT DELTAGANDE SKER P\u00c5 EGEN RISK<\/strong><\/li>\n<\/ul>\n\n\n\n<ul class=\"wp-block-list\">\n<li><strong>F\u00d6R FR\u00c5GOR: <\/strong><a href=\"mailto:gymnastik@horredssk.se\"><strong>gymnastik@horredssk.se<\/strong><\/a><strong><\/strong><\/li>\n<\/ul>\n\n\n\n<p><strong>VARMT V\u00c4LKOMNA!<\/strong><\/p>\n\n\n\n<figure class=\"wp-block-image size-full\"><a href=\"http:\/\/old.horredssk.se\/wp-content\/uploads\/2023\/08\/HSK-rundan.png\"><img loading=\"lazy\" decoding=\"async\" width=\"775\" height=\"805\" src=\"http:\/\/old.horredssk.se\/wp-content\/uploads\/2023\/08\/HSK-rundan.png\" alt=\"\" class=\"wp-image-2927\" srcset=\"http:\/\/old.horredssk.se\/wp-content\/uploads\/2023\/08\/HSK-rundan.png 775w, http:\/\/old.horredssk.se\/wp-content\/uploads\/2023\/08\/HSK-rundan-289x300.png 289w, http:\/\/old.horredssk.se\/wp-content\/uploads\/2023\/08\/HSK-rundan-768x798.png 768w\" sizes=\"auto, (max-width: 775px) 100vw, 775px\" \/><\/a><\/figure>\n\n\n\n<p><a href=\"http:\/\/old.horredssk.se\/wp-content\/uploads\/2025\/08\/HSKrundan-25.docx\" data-type=\"URL\" data-id=\"http:\/\/old.horredssk.se\/wp-content\/uploads\/2024\/03\/HSKrundan-24-1-2-2.pdf\" target=\"_blank\" rel=\"noreferrer noopener\">Informationsblad HSK Rundan<\/a><\/p>\n\n\n\n<p><a href=\"http:\/\/old.horredssk.se\/wp-content\/uploads\/2023\/08\/HSK-rundan.png\">Karta<\/a><\/p>\n\n\n\n<p><\/p>\n","protected":false},"excerpt":{"rendered":"<p>\u00a02 September , START KL. 18:30 VARMT V\u00c4LKOMNA! Informationsblad HSK Rundan Karta<\/p>\n","protected":false},"author":14,"featured_media":0,"parent":0,"menu_order":0,"comment_status":"closed","ping_status":"closed","template":"","meta":{"jetpack_post_was_ever_published":true,"footnotes":""},"class_list":["post-2895","page","type-page","status-publish","hentry"],"jetpack_sharing_enabled":true,"jetpack_shortlink":"https:\/\/wp.me\/P32WzJ-KH","_links":{"self":[{"href":"http:\/\/old.horredssk.se\/index.php?rest_route=\/wp\/v2\/pages\/2895","targetHints":{"allow":["GET"]}}],"collection":[{"href":"http:\/\/old.horredssk.se\/index.php?rest_route=\/wp\/v2\/pages"}],"about":[{"href":"http:\/\/old.horredssk.se\/index.php?rest_route=\/wp\/v2\/types\/page"}],"author":[{"embeddable":true,"href":"http:\/\/old.horredssk.se\/index.php?rest_route=\/wp\/v2\/users\/14"}],"replies":[{"embeddable":true,"href":"http:\/\/old.horredssk.se\/index.php?rest_route=%2Fwp%2Fv2%2Fcomments&post=2895"}],"version-history":[{"count":15,"href":"http:\/\/old.horredssk.se\/index.php?rest_route=\/wp\/v2\/pages\/2895\/revisions"}],"predecessor-version":[{"id":3454,"href":"http:\/\/old.horredssk.se\/index.php?rest_route=\/wp\/v2\/pages\/2895\/revisions\/3454"}],"wp:attachment":[{"href":"http:\/\/old.horredssk.se\/index.php?rest_route=%2Fwp%2Fv2%2Fmedia&parent=2895"}],"curies":[{"name":"wp","href":"https:\/\/api.w.org\/{rel}","templated":true}]}}