{"id":2727,"date":"2022-12-26T10:11:28","date_gmt":"2022-12-26T09:11:28","guid":{"rendered":"http:\/\/old.horredssk.se\/?page_id=2727"},"modified":"2023-12-09T14:00:18","modified_gmt":"2023-12-09T13:00:18","slug":"arsstamma-2023","status":"publish","type":"page","link":"http:\/\/old.horredssk.se\/?page_id=2727","title":{"rendered":"\u00c5rsst\u00e4mma 2023"},"content":{"rendered":"\n<p><strong>\u00c5rsst\u00e4mman kommer h\u00e5llas den 9 februari 2023 19:00.<\/strong><\/p>\n\n\n\n<p><a href=\"http:\/\/old.horredssk.se\/wp-content\/uploads\/2023\/01\/Dagordning-arsstamma.pdf\">Dagordning \u00e5rsm\u00f6te 2023<\/a><\/p>\n\n\n\n<p><a href=\"http:\/\/old.horredssk.se\/wp-content\/uploads\/2023\/01\/Verksamhetsberattelse-2022-styrelsen.pdf\">Verksamhetsber\u00e4ttelse styrelsen 2022<\/a><\/p>\n\n\n\n<p><a href=\"http:\/\/old.horredssk.se\/wp-content\/uploads\/2023\/01\/Verksamhetsberattelse-2022-motionssektionen.pdf\">Verksamhetsber\u00e4ttelse Motionssektionen 2022<\/a><\/p>\n\n\n\n<p><a href=\"http:\/\/old.horredssk.se\/wp-content\/uploads\/2023\/01\/Verksamhetsberattelse-2022-gymnastiksektionen.pdf\">Verksamhetsber\u00e4ttelse gymnastiken 2022<\/a><\/p>\n\n\n\n<p><a href=\"http:\/\/old.horredssk.se\/wp-content\/uploads\/2023\/01\/Verksamhetsberattelse-2022-racketsektionen.pdf\">Verksamhetsber\u00e4ttelse Racket 2022<\/a><\/p>\n\n\n\n<p><a href=\"http:\/\/old.horredssk.se\/wp-content\/uploads\/2023\/01\/Verksamhetsberattelse-2022-gymsektionen.pdf\">Verksamhetsber\u00e4ttelse gymsektionen 2022<\/a><\/p>\n\n\n\n<p><a href=\"http:\/\/old.horredssk.se\/wp-content\/uploads\/2023\/01\/Verksamhetsberattelse-2022-ban-o-anlaggning.pdf\">Verksamhetsber\u00e4ttelse Ban- och anl\u00e4ggningskommite\u00e9n<\/a><\/p>\n\n\n\n<p><a href=\"http:\/\/old.horredssk.se\/wp-content\/uploads\/2023\/01\/Verksamhetsberattelse-stugkommitten-2022.pdf\">Verksamhetsber\u00e4ttelse Stugkommitt\u00e9n 2022<\/a><\/p>\n\n\n\n<p><a href=\"http:\/\/old.horredssk.se\/wp-content\/uploads\/2023\/02\/Forenklat-Arsbokslut-HSK-2022.pdf\">F\u00f6renklat \u00e5rsbokslut<\/a><\/p>\n\n\n\n<p><a href=\"http:\/\/old.horredssk.se\/wp-content\/uploads\/2023\/02\/202302071526.pdf\">Revisionsber\u00e4ttelse<\/a><\/p>\n\n\n\n<p><a href=\"http:\/\/old.horredssk.se\/wp-content\/uploads\/2023\/01\/Verksamhetsplan-motionssektionen-2023-.pdf\">Verksamhetsplan Motionssektionen 2023-2025<\/a><\/p>\n\n\n\n<p><a href=\"http:\/\/old.horredssk.se\/wp-content\/uploads\/2023\/01\/Verksamhetsplan-2023-gymnastiksektionen.pdf\">Verksamhetsplan gymnastiken 2023-2025<\/a><\/p>\n\n\n\n<p><a href=\"http:\/\/old.horredssk.se\/wp-content\/uploads\/2023\/01\/Verksamhetsplan-2023-racketsektionen.pdf\">Verksamhetsplan Racketsektionen 2023-2025<\/a><\/p>\n\n\n\n<p><a href=\"http:\/\/old.horredssk.se\/wp-content\/uploads\/2023\/01\/Verksamhetsplan-gymsektionen-2023-.pdf\">Verksamhetsplan Gymsektionen 2023-2025<\/a><\/p>\n\n\n\n<p><a href=\"http:\/\/old.horredssk.se\/wp-content\/uploads\/2023\/01\/Verksamhetsplan-ban-o-anlaggning-2023.pdf\">Verksamhetsplan Ban- och anl\u00e4ggningskommite\u00e9n<\/a><\/p>\n\n\n\n<p><a href=\"http:\/\/old.horredssk.se\/wp-content\/uploads\/2023\/01\/Verksamhetsplan-2023-stugkommitten.pdf\">Verksamhetsplan Stugkommite\u00e9n 2023-2025<\/a><\/p>\n\n\n\n<p><a href=\"http:\/\/old.horredssk.se\/wp-content\/uploads\/2023\/02\/budget-2023-HSK.pdf\">Budget 2023 Horreds Sportklubb<\/a><\/p>\n\n\n\n<p><\/p>\n","protected":false},"excerpt":{"rendered":"<p>\u00c5rsst\u00e4mman kommer h\u00e5llas den 9 februari 2023 19:00. Dagordning \u00e5rsm\u00f6te 2023 Verksamhetsber\u00e4ttelse styrelsen 2022 Verksamhetsber\u00e4ttelse Motionssektionen 2022 Verksamhetsber\u00e4ttelse gymnastiken 2022 Verksamhetsber\u00e4ttelse Racket 2022 Verksamhetsber\u00e4ttelse gymsektionen 2022 Verksamhetsber\u00e4ttelse Ban- och anl\u00e4ggningskommite\u00e9n Verksamhetsber\u00e4ttelse Stugkommitt\u00e9n 2022 F\u00f6renklat \u00e5rsbokslut Revisionsber\u00e4ttelse Verksamhetsplan Motionssektionen 2023-2025 Verksamhetsplan &hellip; <a href=\"http:\/\/old.horredssk.se\/?page_id=2727\">L\u00e4s mer <span class=\"meta-nav\">&rarr;<\/span><\/a><\/p>\n","protected":false},"author":14,"featured_media":0,"parent":51,"menu_order":1,"comment_status":"closed","ping_status":"closed","template":"","meta":{"jetpack_post_was_ever_published":false,"footnotes":""},"class_list":["post-2727","page","type-page","status-publish","hentry"],"jetpack_sharing_enabled":true,"jetpack_shortlink":"https:\/\/wp.me\/P32WzJ-HZ","_links":{"self":[{"href":"http:\/\/old.horredssk.se\/index.php?rest_route=\/wp\/v2\/pages\/2727","targetHints":{"allow":["GET"]}}],"collection":[{"href":"http:\/\/old.horredssk.se\/index.php?rest_route=\/wp\/v2\/pages"}],"about":[{"href":"http:\/\/old.horredssk.se\/index.php?rest_route=\/wp\/v2\/types\/page"}],"author":[{"embeddable":true,"href":"http:\/\/old.horredssk.se\/index.php?rest_route=\/wp\/v2\/users\/14"}],"replies":[{"embeddable":true,"href":"http:\/\/old.horredssk.se\/index.php?rest_route=%2Fwp%2Fv2%2Fcomments&post=2727"}],"version-history":[{"count":29,"href":"http:\/\/old.horredssk.se\/index.php?rest_route=\/wp\/v2\/pages\/2727\/revisions"}],"predecessor-version":[{"id":2808,"href":"http:\/\/old.horredssk.se\/index.php?rest_route=\/wp\/v2\/pages\/2727\/revisions\/2808"}],"up":[{"embeddable":true,"href":"http:\/\/old.horredssk.se\/index.php?rest_route=\/wp\/v2\/pages\/51"}],"wp:attachment":[{"href":"http:\/\/old.horredssk.se\/index.php?rest_route=%2Fwp%2Fv2%2Fmedia&parent=2727"}],"curies":[{"name":"wp","href":"https:\/\/api.w.org\/{rel}","templated":true}]}}