{"id":2715,"date":"2022-12-11T10:47:40","date_gmt":"2022-12-11T09:47:40","guid":{"rendered":"http:\/\/old.horredssk.se\/?page_id=2715"},"modified":"2022-12-11T10:53:09","modified_gmt":"2022-12-11T09:53:09","slug":"horreds-sportklubb-stadgar","status":"publish","type":"page","link":"http:\/\/old.horredssk.se\/?page_id=2715","title":{"rendered":"Horreds sportklubb stadgar"},"content":{"rendered":"\n<p><a href=\"http:\/\/old.horredssk.se\/wp-content\/uploads\/2022\/12\/HSK-stadgar-2020.pdf\">Klicka h\u00e4r f\u00f6r att l\u00e4sa v\u00e5ra stadgar.<\/a><\/p>\n","protected":false},"excerpt":{"rendered":"<p>Klicka h\u00e4r f\u00f6r att l\u00e4sa v\u00e5ra stadgar.<\/p>\n","protected":false},"author":14,"featured_media":0,"parent":51,"menu_order":0,"comment_status":"closed","ping_status":"closed","template":"","meta":{"jetpack_post_was_ever_published":false,"footnotes":""},"class_list":["post-2715","page","type-page","status-publish","hentry"],"jetpack_sharing_enabled":true,"jetpack_shortlink":"https:\/\/wp.me\/P32WzJ-HN","_links":{"self":[{"href":"http:\/\/old.horredssk.se\/index.php?rest_route=\/wp\/v2\/pages\/2715","targetHints":{"allow":["GET"]}}],"collection":[{"href":"http:\/\/old.horredssk.se\/index.php?rest_route=\/wp\/v2\/pages"}],"about":[{"href":"http:\/\/old.horredssk.se\/index.php?rest_route=\/wp\/v2\/types\/page"}],"author":[{"embeddable":true,"href":"http:\/\/old.horredssk.se\/index.php?rest_route=\/wp\/v2\/users\/14"}],"replies":[{"embeddable":true,"href":"http:\/\/old.horredssk.se\/index.php?rest_route=%2Fwp%2Fv2%2Fcomments&post=2715"}],"version-history":[{"count":2,"href":"http:\/\/old.horredssk.se\/index.php?rest_route=\/wp\/v2\/pages\/2715\/revisions"}],"predecessor-version":[{"id":2719,"href":"http:\/\/old.horredssk.se\/index.php?rest_route=\/wp\/v2\/pages\/2715\/revisions\/2719"}],"up":[{"embeddable":true,"href":"http:\/\/old.horredssk.se\/index.php?rest_route=\/wp\/v2\/pages\/51"}],"wp:attachment":[{"href":"http:\/\/old.horredssk.se\/index.php?rest_route=%2Fwp%2Fv2%2Fmedia&parent=2715"}],"curies":[{"name":"wp","href":"https:\/\/api.w.org\/{rel}","templated":true}]}}