{"id":211,"date":"2013-09-02T21:09:17","date_gmt":"2013-09-02T19:09:17","guid":{"rendered":"http:\/\/wptest.horredssk.se\/?page_id=211"},"modified":"2025-10-07T15:21:17","modified_gmt":"2025-10-07T13:21:17","slug":"gymnastik","status":"publish","type":"page","link":"http:\/\/old.horredssk.se\/?page_id=211","title":{"rendered":"Gymnastik &#038; barngympa"},"content":{"rendered":"<p align=\"left\"><strong><u>H\u00f6sten <\/u><\/strong><strong><u>2025<\/u><\/strong><\/p>\n<table>\n<tbody>\n<tr>\n<td><strong>Dag<\/strong><\/td>\n<td><strong>Pass<\/strong><\/td>\n<td><strong>Tid<\/strong><\/td>\n<td><strong>Lokal<\/strong><\/td>\n<td><strong>Vecka<\/strong><\/td>\n<\/tr>\n<tr>\n<td>M\u00e5ndag<\/td>\n<td>*Barngympa, f\u00f6dda -18<\/td>\n<td>17:00-17:45<\/td>\n<td>Lilla Horredshallen<\/td>\n<td>v.39-49<br \/>uppeh\u00e5ll v.44<\/td>\n<\/tr>\n<tr>\n<td>M\u00e5ndag<\/td>\n<td>*Barngympa, f\u00f6dda 13-14<\/td>\n<td>17:50-19:00<\/td>\n<td>Lilla Horredshallen<\/td>\n<td>v.39-49<br \/>uppeh\u00e5ll v.44<\/td>\n<\/tr>\n<tr>\n<td>M\u00e5ndag<\/td>\n<td>Utetr\u00e4ning<\/td>\n<td>18:00-18:50<\/td>\n<td>Samling vid Horredshallen<\/td>\n<td>v.34-43<\/td>\n<\/tr>\n<tr>\n<td>M\u00e5ndag<\/td>\n<td>Pilates<\/td>\n<td>19:00-20:00<\/td>\n<td>Lilla Horredshallen<\/td>\n<td>v.44-50<\/td>\n<\/tr>\n<tr>\n<td>Tisdag<\/td>\n<td>Stationsgympa<\/td>\n<td>19:00-20:00<\/td>\n<td>Stora Horredshallen<\/td>\n<td>v.36-50<\/td>\n<\/tr>\n<tr>\n<td>Onsdag<\/td>\n<td>*Barngympa, f\u00f6dda -20<\/td>\n<td>16:30-17:15<\/td>\n<td>Lilla Horredshallen<\/td>\n<td>v.38-48<br \/>uppeh\u00e5ll v.44<\/td>\n<\/tr>\n<tr>\n<td>Onsdag<\/td>\n<td>Box<\/td>\n<td>19:30-20:45<\/td>\n<td>Lilla Horredshallen<\/td>\n<td>v.36-50<\/td>\n<\/tr>\n<tr>\n<td>Torsdag<\/td>\n<td>\n<p>*Barngympa, f\u00f6dda 19<\/p>\n<\/td>\n<td>16:00-17:00<\/td>\n<td>Lilla Horredshallen<\/td>\n<td>\n<p>v.38-48<br \/>uppeh\u00e5ll v.44<\/p>\n<\/td>\n<\/tr>\n<tr>\n<td>Torsdag<\/td>\n<td>Gympaintervall<\/td>\n<td>19:30-20:15<\/td>\n<td>Stora Horredshallen<\/td>\n<td>v.36-50<\/td>\n<\/tr>\n<tr>\n<td>S\u00f6ndag<\/td>\n<td>Afrodans<\/td>\n<td>16:00-17:00<\/td>\n<td>Lilla Horredshallen<\/td>\n<td>v.36-47<\/td>\n<\/tr>\n<\/tbody>\n<\/table>\n<p><!--more--><\/p>\n<hr \/>\n<p>*Observera att anm\u00e4lan till barngympan kr\u00e4vs. Barngympan g\u00f6r \u00e4ven uppeh\u00e5ll under h\u00f6stlovet, vecka 44.<\/p>\n<p>L\u00e4s mer om anm\u00e4lan till barngympan p\u00e5 sektionssidan f\u00f6r <a href=\"http:\/\/old.horredssk.se\/?page_id=7\">gymnastik &amp; barngympa<\/a>.<\/p>\n<p>F\u00f6r kontakt med oss mejla anm\u00e4lan till: <a href=\"mailto:gymnastik@horredssk.se\">gymnastik@horredssk.se<\/a><\/p>\n<p><strong>Kom i form med oss!<\/strong><\/p>\n\n\n<p><\/p>\n","protected":false},"excerpt":{"rendered":"<p>H\u00f6sten 2025 Dag Pass Tid Lokal Vecka M\u00e5ndag *Barngympa, f\u00f6dda -18 17:00-17:45 Lilla Horredshallen v.39-49uppeh\u00e5ll v.44 M\u00e5ndag *Barngympa, f\u00f6dda 13-14 17:50-19:00 Lilla Horredshallen v.39-49uppeh\u00e5ll v.44 M\u00e5ndag Utetr\u00e4ning 18:00-18:50 Samling vid Horredshallen v.34-43 M\u00e5ndag Pilates 19:00-20:00 Lilla Horredshallen v.44-50 Tisdag Stationsgympa &hellip; <a href=\"http:\/\/old.horredssk.se\/?page_id=211\">L\u00e4s mer <span class=\"meta-nav\">&rarr;<\/span><\/a><\/p>\n","protected":false},"author":4,"featured_media":0,"parent":52,"menu_order":0,"comment_status":"open","ping_status":"open","template":"","meta":{"jetpack_post_was_ever_published":false,"footnotes":""},"class_list":["post-211","page","type-page","status-publish","hentry"],"jetpack_sharing_enabled":true,"jetpack_shortlink":"https:\/\/wp.me\/P32WzJ-3p","_links":{"self":[{"href":"http:\/\/old.horredssk.se\/index.php?rest_route=\/wp\/v2\/pages\/211","targetHints":{"allow":["GET"]}}],"collection":[{"href":"http:\/\/old.horredssk.se\/index.php?rest_route=\/wp\/v2\/pages"}],"about":[{"href":"http:\/\/old.horredssk.se\/index.php?rest_route=\/wp\/v2\/types\/page"}],"author":[{"embeddable":true,"href":"http:\/\/old.horredssk.se\/index.php?rest_route=\/wp\/v2\/users\/4"}],"replies":[{"embeddable":true,"href":"http:\/\/old.horredssk.se\/index.php?rest_route=%2Fwp%2Fv2%2Fcomments&post=211"}],"version-history":[{"count":111,"href":"http:\/\/old.horredssk.se\/index.php?rest_route=\/wp\/v2\/pages\/211\/revisions"}],"predecessor-version":[{"id":3485,"href":"http:\/\/old.horredssk.se\/index.php?rest_route=\/wp\/v2\/pages\/211\/revisions\/3485"}],"up":[{"embeddable":true,"href":"http:\/\/old.horredssk.se\/index.php?rest_route=\/wp\/v2\/pages\/52"}],"wp:attachment":[{"href":"http:\/\/old.horredssk.se\/index.php?rest_route=%2Fwp%2Fv2%2Fmedia&parent=211"}],"curies":[{"name":"wp","href":"https:\/\/api.w.org\/{rel}","templated":true}]}}