{"id":204,"date":"2013-08-20T11:21:56","date_gmt":"2013-08-20T09:21:56","guid":{"rendered":"http:\/\/wptest.horredssk.se\/?page_id=204"},"modified":"2025-03-05T10:49:09","modified_gmt":"2025-03-05T09:49:09","slug":"tipspromenad","status":"publish","type":"page","link":"http:\/\/old.horredssk.se\/?page_id=204","title":{"rendered":"Tipspromenad"},"content":{"rendered":"<h2><span style=\"text-decoration: underline;\"><strong>Schema f\u00f6r tipspromenader\u00a0<\/strong><\/span><\/h2>\n<p>V\u00e5rens tipspromenader kommer ske 9, 16, 23 och 30 mars \u00e4ven 6 och 13 april.<\/p>\n<p>Start i Kilag\u00e5rden klockan 10:00. Vi h\u00e5ller p\u00e5 fram till 12:30.<\/p>\n<p>Vi erbjuder 12 fr\u00e5gor av mixad karakt\u00e4r, bingo, barnrebus och lotter till en mindre kostnad. Fr\u00e5gorna \u00e4r uppsatta utmed v\u00e5rt 2,5 km motionssp\u00e5r. Sp\u00e5ret \u00e4r kuperat men v\u00e4ldigt promenadv\u00e4nligt f\u00f6r hela familjen!<\/p>\n<p><strong>V\u00e5ffelcaf\u00e9 \u00f6ppet mellan kl 10:00-13:00<br \/>\n<\/strong><\/p>\n<p>Kaffe\/te\/saft och v\u00e5ffla med gr\u00e4dde och sylt.<\/p>\n<p><strong>Varmt v\u00e4lkomna \u00f6nskar motionssektionen!<\/strong><\/p>\n","protected":false},"excerpt":{"rendered":"<p>Schema f\u00f6r tipspromenader\u00a0 V\u00e5rens tipspromenader kommer ske 9, 16, 23 och 30 mars \u00e4ven 6 och 13 april. Start i Kilag\u00e5rden klockan 10:00. Vi h\u00e5ller p\u00e5 fram till 12:30. Vi erbjuder 12 fr\u00e5gor av mixad karakt\u00e4r, bingo, barnrebus och lotter &hellip; <a href=\"http:\/\/old.horredssk.se\/?page_id=204\">L\u00e4s mer <span class=\"meta-nav\">&rarr;<\/span><\/a><\/p>\n","protected":false},"author":4,"featured_media":0,"parent":52,"menu_order":0,"comment_status":"open","ping_status":"open","template":"","meta":{"jetpack_post_was_ever_published":false,"footnotes":""},"class_list":["post-204","page","type-page","status-publish","hentry"],"jetpack_sharing_enabled":true,"jetpack_shortlink":"https:\/\/wp.me\/P32WzJ-3i","_links":{"self":[{"href":"http:\/\/old.horredssk.se\/index.php?rest_route=\/wp\/v2\/pages\/204","targetHints":{"allow":["GET"]}}],"collection":[{"href":"http:\/\/old.horredssk.se\/index.php?rest_route=\/wp\/v2\/pages"}],"about":[{"href":"http:\/\/old.horredssk.se\/index.php?rest_route=\/wp\/v2\/types\/page"}],"author":[{"embeddable":true,"href":"http:\/\/old.horredssk.se\/index.php?rest_route=\/wp\/v2\/users\/4"}],"replies":[{"embeddable":true,"href":"http:\/\/old.horredssk.se\/index.php?rest_route=%2Fwp%2Fv2%2Fcomments&post=204"}],"version-history":[{"count":40,"href":"http:\/\/old.horredssk.se\/index.php?rest_route=\/wp\/v2\/pages\/204\/revisions"}],"predecessor-version":[{"id":3395,"href":"http:\/\/old.horredssk.se\/index.php?rest_route=\/wp\/v2\/pages\/204\/revisions\/3395"}],"up":[{"embeddable":true,"href":"http:\/\/old.horredssk.se\/index.php?rest_route=\/wp\/v2\/pages\/52"}],"wp:attachment":[{"href":"http:\/\/old.horredssk.se\/index.php?rest_route=%2Fwp%2Fv2%2Fmedia&parent=204"}],"curies":[{"name":"wp","href":"https:\/\/api.w.org\/{rel}","templated":true}]}}