{"id":1999,"date":"2020-09-29T17:31:44","date_gmt":"2020-09-29T15:31:44","guid":{"rendered":"http:\/\/old.horredssk.se\/?page_id=1999"},"modified":"2025-01-22T16:46:22","modified_gmt":"2025-01-22T15:46:22","slug":"vara-sponsorer-2020","status":"publish","type":"page","link":"http:\/\/old.horredssk.se\/?page_id=1999","title":{"rendered":"V\u00e5ra sponsorer 2025"},"content":{"rendered":"\n<p>Lista \u00f6ver v\u00e5ra sponsorer:<\/p>\n\n\n\n<figure class=\"wp-block-table\"><table><tbody><tr><td>Bil och Motor i Horred AB<\/td><\/tr><tr><td>Christer Serholt<\/td><\/tr><tr><td>Ekelund<\/td><\/tr><tr><td>Gr\u00e4nsbygdens Redovisning AB<\/td><\/tr><tr><td>Helsj\u00f6n Folkh\u00f6gskola<\/td><\/tr><tr><td>Horreds Mekaniska AB<\/td><\/tr><tr><td>Horreds M\u00e5leri AB<\/td><\/tr><tr><td>Horreds M\u00f6bel AB<\/td><\/tr><tr><td>Horredsmattan<\/td><\/tr><tr><td>Horred trafiken AB<\/td><\/tr><tr><td>ICA Horred N\u00e4ra<\/td><\/tr><tr><td>Jens Eliasson Bygg och Entreprenad AB<\/td><\/tr><tr><td>Karona butiksinredningar<\/td><\/tr><tr><td>Kjell B\u00f6rjessons m\u00e5leri AB<\/td><\/tr><tr><td>Krister Ingemarsson Skogsservice AB<\/td><\/tr><tr><td>Mal\u00e9ns Byggservice AB<\/td><\/tr><tr><td>Ove Andersson \u00c5keri AB<\/td><\/tr><tr><td>Peters byggkraft AB<\/td><\/tr><tr><td>Rondellen Maskin AB<\/td><\/tr><tr><td>RSI V\u00e4gunderh\u00e5ll AB<\/td><\/tr><tr><td>Sigurd Johansson Godstrafik AB<\/td><\/tr><tr><td>Sj\u00f6by Snickerifabrik AB<\/td><\/tr><tr><td>Staffans Maskiner AB<\/td><\/tr><tr><td>Toftak\u00e4rr&nbsp; Bygg AB<\/td><\/tr><tr><td>Varbergs sparbank<\/td><\/tr><tr><td>Varbergsortens elkraft AB<\/td><\/tr><\/tbody><\/table><\/figure>\n","protected":false},"excerpt":{"rendered":"<p>Lista \u00f6ver v\u00e5ra sponsorer: Bil och Motor i Horred AB Christer Serholt Ekelund Gr\u00e4nsbygdens Redovisning AB Helsj\u00f6n Folkh\u00f6gskola Horreds Mekaniska AB Horreds M\u00e5leri AB Horreds M\u00f6bel AB Horredsmattan Horred trafiken AB ICA Horred N\u00e4ra Jens Eliasson Bygg och Entreprenad AB &hellip; <a href=\"http:\/\/old.horredssk.se\/?page_id=1999\">L\u00e4s mer <span class=\"meta-nav\">&rarr;<\/span><\/a><\/p>\n","protected":false},"author":14,"featured_media":0,"parent":51,"menu_order":0,"comment_status":"closed","ping_status":"closed","template":"","meta":{"jetpack_post_was_ever_published":false,"footnotes":""},"class_list":["post-1999","page","type-page","status-publish","hentry"],"jetpack_sharing_enabled":true,"jetpack_shortlink":"https:\/\/wp.me\/P32WzJ-wf","_links":{"self":[{"href":"http:\/\/old.horredssk.se\/index.php?rest_route=\/wp\/v2\/pages\/1999","targetHints":{"allow":["GET"]}}],"collection":[{"href":"http:\/\/old.horredssk.se\/index.php?rest_route=\/wp\/v2\/pages"}],"about":[{"href":"http:\/\/old.horredssk.se\/index.php?rest_route=\/wp\/v2\/types\/page"}],"author":[{"embeddable":true,"href":"http:\/\/old.horredssk.se\/index.php?rest_route=\/wp\/v2\/users\/14"}],"replies":[{"embeddable":true,"href":"http:\/\/old.horredssk.se\/index.php?rest_route=%2Fwp%2Fv2%2Fcomments&post=1999"}],"version-history":[{"count":8,"href":"http:\/\/old.horredssk.se\/index.php?rest_route=\/wp\/v2\/pages\/1999\/revisions"}],"predecessor-version":[{"id":3344,"href":"http:\/\/old.horredssk.se\/index.php?rest_route=\/wp\/v2\/pages\/1999\/revisions\/3344"}],"up":[{"embeddable":true,"href":"http:\/\/old.horredssk.se\/index.php?rest_route=\/wp\/v2\/pages\/51"}],"wp:attachment":[{"href":"http:\/\/old.horredssk.se\/index.php?rest_route=%2Fwp%2Fv2%2Fmedia&parent=1999"}],"curies":[{"name":"wp","href":"https:\/\/api.w.org\/{rel}","templated":true}]}}