{"id":1994,"date":"2020-09-29T17:09:20","date_gmt":"2020-09-29T15:09:20","guid":{"rendered":"http:\/\/old.horredssk.se\/?page_id=1994"},"modified":"2025-01-22T16:40:25","modified_gmt":"2025-01-22T15:40:25","slug":"infobladet","status":"publish","type":"page","link":"http:\/\/old.horredssk.se\/?page_id=1994","title":{"rendered":"Infobladet"},"content":{"rendered":"\n<p>H\u00e4r kan du ta del av v\u00e5ra informationsblad som vi tar fram inf\u00f6r varje nytt \u00e5r:<\/p>\n\n\n\n<p><a href=\"http:\/\/old.horredssk.se\/wp-content\/uploads\/2025\/01\/Infoblad-2025-till-tryck.pdf\">2025<\/a><\/p>\n\n\n\n<p><a href=\"http:\/\/old.horredssk.se\/wp-content\/uploads\/2024\/02\/Infoblad-2024-1.pdf\">2024<\/a><\/p>\n\n\n\n<p><a href=\"http:\/\/old.horredssk.se\/wp-content\/uploads\/2023\/01\/Infoblad-2023-r.pdf\">2023<\/a><\/p>\n\n\n\n<p><a href=\"http:\/\/old.horredssk.se\/wp-content\/uploads\/2023\/01\/Infoblad-2022.pdf\">2022<\/a><\/p>\n\n\n\n<p><a href=\"http:\/\/old.horredssk.se\/wp-content\/uploads\/2020\/12\/Infoblad-2021-klar.pdf\">2021<\/a><\/p>\n\n\n\n<p><a href=\"http:\/\/old.horredssk.se\/wp-content\/uploads\/2020\/09\/Infobladet-2020.pdf\">2020<\/a><\/p>\n","protected":false},"excerpt":{"rendered":"<p>H\u00e4r kan du ta del av v\u00e5ra informationsblad som vi tar fram inf\u00f6r varje nytt \u00e5r: 2025 2024 2023 2022 2021 2020<\/p>\n","protected":false},"author":14,"featured_media":0,"parent":51,"menu_order":0,"comment_status":"closed","ping_status":"closed","template":"","meta":{"jetpack_post_was_ever_published":false,"footnotes":""},"class_list":["post-1994","page","type-page","status-publish","hentry"],"jetpack_sharing_enabled":true,"jetpack_shortlink":"https:\/\/wp.me\/P32WzJ-wa","_links":{"self":[{"href":"http:\/\/old.horredssk.se\/index.php?rest_route=\/wp\/v2\/pages\/1994","targetHints":{"allow":["GET"]}}],"collection":[{"href":"http:\/\/old.horredssk.se\/index.php?rest_route=\/wp\/v2\/pages"}],"about":[{"href":"http:\/\/old.horredssk.se\/index.php?rest_route=\/wp\/v2\/types\/page"}],"author":[{"embeddable":true,"href":"http:\/\/old.horredssk.se\/index.php?rest_route=\/wp\/v2\/users\/14"}],"replies":[{"embeddable":true,"href":"http:\/\/old.horredssk.se\/index.php?rest_route=%2Fwp%2Fv2%2Fcomments&post=1994"}],"version-history":[{"count":12,"href":"http:\/\/old.horredssk.se\/index.php?rest_route=\/wp\/v2\/pages\/1994\/revisions"}],"predecessor-version":[{"id":3342,"href":"http:\/\/old.horredssk.se\/index.php?rest_route=\/wp\/v2\/pages\/1994\/revisions\/3342"}],"up":[{"embeddable":true,"href":"http:\/\/old.horredssk.se\/index.php?rest_route=\/wp\/v2\/pages\/51"}],"wp:attachment":[{"href":"http:\/\/old.horredssk.se\/index.php?rest_route=%2Fwp%2Fv2%2Fmedia&parent=1994"}],"curies":[{"name":"wp","href":"https:\/\/api.w.org\/{rel}","templated":true}]}}